{"id":445,"date":"2022-08-15T07:31:32","date_gmt":"2022-08-15T07:31:32","guid":{"rendered":"http:\/\/kayadokya.com\/?page_id=445"},"modified":"2022-08-16T19:19:06","modified_gmt":"2022-08-16T19:19:06","slug":"urunlerimiz","status":"publish","type":"page","link":"http:\/\/kayadokya.com\/index.php\/urunlerimiz\/","title":{"rendered":"\u00dcR\u00dcNLER\u0130M\u0130Z"},"content":{"rendered":"\t\t<div data-elementor-type=\"wp-page\" data-elementor-id=\"445\" class=\"elementor elementor-445\">\n\t\t\t\t\t\t\t\t\t<section class=\"elementor-section elementor-top-section elementor-element elementor-element-1a68bf8 elementor-section-boxed elementor-section-height-default elementor-section-height-default\" data-id=\"1a68bf8\" data-element_type=\"section\">\n\t\t\t\t\t\t<div class=\"elementor-container elementor-column-gap-default\">\n\t\t\t\t\t<div class=\"elementor-column elementor-col-100 elementor-top-column elementor-element elementor-element-36e792e1\" data-id=\"36e792e1\" data-element_type=\"column\">\n\t\t\t<div class=\"elementor-widget-wrap elementor-element-populated\">\n\t\t\t\t\t\t\t\t<section class=\"elementor-section elementor-inner-section elementor-element elementor-element-228d453d elementor-section-height-min-height elementor-section-content-middle elementor-section-boxed elementor-section-height-default\" data-id=\"228d453d\" data-element_type=\"section\" data-settings=\"{&quot;background_background&quot;:&quot;classic&quot;}\">\n\t\t\t\t\t\t\t<div class=\"elementor-background-overlay\"><\/div>\n\t\t\t\t\t\t\t<div class=\"elementor-container elementor-column-gap-default\">\n\t\t\t\t\t<div class=\"elementor-column elementor-col-100 elementor-inner-column elementor-element elementor-element-3c9f0bf2\" data-id=\"3c9f0bf2\" data-element_type=\"column\">\n\t\t\t<div class=\"elementor-widget-wrap elementor-element-populated\">\n\t\t\t\t\t\t\t\t<div class=\"elementor-element elementor-element-79e4b0e8 elementor-widget elementor-widget-heading\" data-id=\"79e4b0e8\" data-element_type=\"widget\" data-widget_type=\"heading.default\">\n\t\t\t\t<div class=\"elementor-widget-container\">\n\t\t\t<style>\/*! elementor - v3.7.0 - 08-08-2022 *\/\n.elementor-heading-title{padding:0;margin:0;line-height:1}.elementor-widget-heading .elementor-heading-title[class*=elementor-size-]>a{color:inherit;font-size:inherit;line-height:inherit}.elementor-widget-heading .elementor-heading-title.elementor-size-small{font-size:15px}.elementor-widget-heading .elementor-heading-title.elementor-size-medium{font-size:19px}.elementor-widget-heading .elementor-heading-title.elementor-size-large{font-size:29px}.elementor-widget-heading .elementor-heading-title.elementor-size-xl{font-size:39px}.elementor-widget-heading .elementor-heading-title.elementor-size-xxl{font-size:59px}<\/style><h4 class=\"elementor-heading-title elementor-size-default\">ke\u015ffet<\/h4>\t\t<\/div>\n\t\t\t\t<\/div>\n\t\t\t\t<div class=\"elementor-element elementor-element-5a45226d elementor-widget elementor-widget-heading\" data-id=\"5a45226d\" data-element_type=\"widget\" data-widget_type=\"heading.default\">\n\t\t\t\t<div class=\"elementor-widget-container\">\n\t\t\t<h2 class=\"elementor-heading-title elementor-size-default\">\u00dcr\u00fcnlerimiz<\/h2>\t\t<\/div>\n\t\t\t\t<\/div>\n\t\t\t\t\t<\/div>\n\t\t<\/div>\n\t\t\t\t\t\t\t<\/div>\n\t\t<\/section>\n\t\t\t\t<section class=\"elementor-section elementor-inner-section elementor-element elementor-element-364be265 elementor-section-content-middle elementor-section-boxed elementor-section-height-default elementor-section-height-default\" data-id=\"364be265\" data-element_type=\"section\" data-settings=\"{&quot;background_background&quot;:&quot;classic&quot;}\">\n\t\t\t\t\t\t<div class=\"elementor-container elementor-column-gap-default\">\n\t\t\t\t\t<div class=\"elementor-column elementor-col-100 elementor-inner-column elementor-element elementor-element-6e215bd8\" data-id=\"6e215bd8\" data-element_type=\"column\">\n\t\t\t<div class=\"elementor-widget-wrap elementor-element-populated\">\n\t\t\t\t\t\t\t\t<div class=\"elementor-element elementor-element-6c6fe0ad elementor-icon-list--layout-inline elementor-list-item-link-inline elementor-align-center elementor-widget elementor-widget-icon-list\" data-id=\"6c6fe0ad\" data-element_type=\"widget\" data-widget_type=\"icon-list.default\">\n\t\t\t\t<div class=\"elementor-widget-container\">\n\t\t\t<link rel=\"stylesheet\" href=\"http:\/\/kayadokya.com\/wp-content\/plugins\/elementor\/assets\/css\/widget-icon-list.min.css\">\t\t<ul class=\"elementor-icon-list-items elementor-inline-items\">\n\t\t\t\t\t\t\t<li class=\"elementor-icon-list-item elementor-inline-item\">\n\t\t\t\t\t\t\t\t\t\t\t<a href=\"#uzum-sirkesi\">\n\n\t\t\t\t\t\t\t\t\t\t\t<span class=\"elementor-icon-list-text\">\u00dcZ\u00dcM S\u0130RKES\u0130<\/span>\n\t\t\t\t\t\t\t\t\t\t\t<\/a>\n\t\t\t\t\t\t\t\t\t<\/li>\n\t\t\t\t\t\t\t\t<li class=\"elementor-icon-list-item elementor-inline-item\">\n\t\t\t\t\t\t\t\t\t\t\t<a href=\"#elma-sirkesi\">\n\n\t\t\t\t\t\t\t\t\t\t\t<span class=\"elementor-icon-list-text\">ELMA S\u0130RKES\u0130<\/span>\n\t\t\t\t\t\t\t\t\t\t\t<\/a>\n\t\t\t\t\t\t\t\t\t<\/li>\n\t\t\t\t\t\t\t\t<li class=\"elementor-icon-list-item elementor-inline-item\">\n\t\t\t\t\t\t\t\t\t\t\t<a href=\"#alic-sirkesi\">\n\n\t\t\t\t\t\t\t\t\t\t\t<span class=\"elementor-icon-list-text\">ALI\u00c7 S\u0130RKES\u0130<\/span>\n\t\t\t\t\t\t\t\t\t\t\t<\/a>\n\t\t\t\t\t\t\t\t\t<\/li>\n\t\t\t\t\t\t<\/ul>\n\t\t\t\t<\/div>\n\t\t\t\t<\/div>\n\t\t\t\t\t<\/div>\n\t\t<\/div>\n\t\t\t\t\t\t\t<\/div>\n\t\t<\/section>\n\t\t\t\t\t<\/div>\n\t\t<\/div>\n\t\t\t\t\t\t\t<\/div>\n\t\t<\/section>\n\t\t\t\t<section class=\"elementor-section elementor-top-section elementor-element elementor-element-7641d3c1 elementor-section-boxed elementor-section-height-default elementor-section-height-default\" data-id=\"7641d3c1\" data-element_type=\"section\">\n\t\t\t\t\t\t<div class=\"elementor-container elementor-column-gap-default\">\n\t\t\t\t\t<div class=\"elementor-column elementor-col-100 elementor-top-column elementor-element elementor-element-9d9e568\" data-id=\"9d9e568\" data-element_type=\"column\">\n\t\t\t<div class=\"elementor-widget-wrap elementor-element-populated\">\n\t\t\t\t\t\t\t\t<section class=\"elementor-section elementor-inner-section elementor-element elementor-element-51bc1968 elementor-section-boxed elementor-section-height-default elementor-section-height-default\" data-id=\"51bc1968\" data-element_type=\"section\">\n\t\t\t\t\t\t<div class=\"elementor-container elementor-column-gap-default\">\n\t\t\t\t\t<div class=\"elementor-column elementor-col-33 elementor-inner-column elementor-element elementor-element-3f50df9f\" data-id=\"3f50df9f\" data-element_type=\"column\">\n\t\t\t<div class=\"elementor-widget-wrap elementor-element-populated\">\n\t\t\t\t\t\t\t\t<div class=\"elementor-element elementor-element-1947de6c elementor-widget elementor-widget-heading\" data-id=\"1947de6c\" data-element_type=\"widget\" data-widget_type=\"heading.default\">\n\t\t\t\t<div class=\"elementor-widget-container\">\n\t\t\t<h2 class=\"elementor-heading-title elementor-size-default\">\u00dcz\u00fcm <\/br> Sirkesi<\/h2>\t\t<\/div>\n\t\t\t\t<\/div>\n\t\t\t\t<div class=\"elementor-element elementor-element-230c0752 elementor-widget elementor-widget-text-editor\" data-id=\"230c0752\" data-element_type=\"widget\" data-widget_type=\"text-editor.default\">\n\t\t\t\t<div class=\"elementor-widget-container\">\n\t\t\t<style>\/*! elementor - v3.7.0 - 08-08-2022 *\/\n.elementor-widget-text-editor.elementor-drop-cap-view-stacked .elementor-drop-cap{background-color:#818a91;color:#fff}.elementor-widget-text-editor.elementor-drop-cap-view-framed .elementor-drop-cap{color:#818a91;border:3px solid;background-color:transparent}.elementor-widget-text-editor:not(.elementor-drop-cap-view-default) .elementor-drop-cap{margin-top:8px}.elementor-widget-text-editor:not(.elementor-drop-cap-view-default) .elementor-drop-cap-letter{width:1em;height:1em}.elementor-widget-text-editor .elementor-drop-cap{float:left;text-align:center;line-height:1;font-size:50px}.elementor-widget-text-editor .elementor-drop-cap-letter{display:inline-block}<\/style>\t\t\t\t<p>\u00dcr\u00fcnlerimizi Kapadokya b\u00f6lgesinden toplanan do\u011fal emir ve dimrit \u00fcz\u00fcmlerinden imal etmekteyiz. Kapadokya b\u00f6lgesine \u00f6zg\u00fc kayalardan olu\u015fturulan mahzenlerde tabii fermantasyon yoluyla imal edilmektedir. Bu sebeple daha lezzetli ve aromatik de\u011ferleri y\u00fcksektir. \u015ei\u015fe a\u00e7\u0131l\u0131nca koruyucu madde kullan\u0131lmad\u0131\u011f\u0131 i\u00e7in sirke anas\u0131 olu\u015fmas\u0131 normaldir, s\u00fcz\u00fclerek kullan\u0131ma devam edilebilir. Tortu olu\u015fmas\u0131 filtre edilmedi\u011fi i\u00e7in normaldir.<\/p>\t\t\t\t\t\t<\/div>\n\t\t\t\t<\/div>\n\t\t\t\t\t<\/div>\n\t\t<\/div>\n\t\t\t\t<div class=\"elementor-column elementor-col-33 elementor-inner-column elementor-element elementor-element-29ddc8cf\" data-id=\"29ddc8cf\" data-element_type=\"column\" data-settings=\"{&quot;background_background&quot;:&quot;classic&quot;}\">\n\t\t\t<div class=\"elementor-widget-wrap elementor-element-populated\">\n\t\t\t\t\t\t\t\t<div class=\"elementor-element elementor-element-5cc6ad67 elementor-widget elementor-widget-menu-anchor\" data-id=\"5cc6ad67\" data-element_type=\"widget\" data-widget_type=\"menu-anchor.default\">\n\t\t\t\t<div class=\"elementor-widget-container\">\n\t\t\t<style>\/*! elementor - v3.7.0 - 08-08-2022 *\/\nbody.elementor-page .elementor-widget-menu-anchor{margin-bottom:0}<\/style>\t\t<div id=\"uzum-sirkesi\" class=\"elementor-menu-anchor\"><\/div>\n\t\t\t\t<\/div>\n\t\t\t\t<\/div>\n\t\t\t\t<div class=\"elementor-element elementor-element-5e38c401 elementor-widget elementor-widget-image\" data-id=\"5e38c401\" data-element_type=\"widget\" data-widget_type=\"image.default\">\n\t\t\t\t<div class=\"elementor-widget-container\">\n\t\t\t<style>\/*! elementor - v3.7.0 - 08-08-2022 *\/\n.elementor-widget-image{text-align:center}.elementor-widget-image a{display:inline-block}.elementor-widget-image a img[src$=\".svg\"]{width:48px}.elementor-widget-image img{vertical-align:middle;display:inline-block}<\/style>\t\t\t\t\t\t\t\t\t\t\t\t<img src=\"http:\/\/kayadokya.com\/wp-content\/uploads\/2022\/08\/pixlr-bg-result.png\" title=\"pixlr-bg-result\" alt=\"pixlr-bg-result\" \/>\t\t\t\t\t\t\t\t\t\t\t\t\t\t\t<\/div>\n\t\t\t\t<\/div>\n\t\t\t\t\t<\/div>\n\t\t<\/div>\n\t\t\t\t<div class=\"elementor-column elementor-col-33 elementor-inner-column elementor-element elementor-element-57cb61a2\" data-id=\"57cb61a2\" data-element_type=\"column\" data-settings=\"{&quot;background_background&quot;:&quot;classic&quot;}\">\n\t\t\t<div class=\"elementor-widget-wrap elementor-element-populated\">\n\t\t\t\t\t\t\t\t<div class=\"elementor-element elementor-element-ca6abfb elementor-widget elementor-widget-heading\" data-id=\"ca6abfb\" data-element_type=\"widget\" data-widget_type=\"heading.default\">\n\t\t\t\t<div class=\"elementor-widget-container\">\n\t\t\t<h4 class=\"elementor-heading-title elementor-size-default\">Faydalar\u0131<\/h4>\t\t<\/div>\n\t\t\t\t<\/div>\n\t\t\t\t<div class=\"elementor-element elementor-element-7bf01afd elementor-widget elementor-widget-text-editor\" data-id=\"7bf01afd\" data-element_type=\"widget\" data-widget_type=\"text-editor.default\">\n\t\t\t\t<div class=\"elementor-widget-container\">\n\t\t\t\t\t\t\t<ul><li>\u00c7ok g\u00fc\u00e7l\u00fc bir probiyotik ve antioksidan olarak bilinir.<\/li><li>\u0130\u015ftah\u0131 bast\u0131rmaya ve kemikleri g\u00fc\u00e7lendirmeye yard\u0131mc\u0131 olur.<\/li><\/ul>\t\t\t\t\t\t<\/div>\n\t\t\t\t<\/div>\n\t\t\t\t<div class=\"elementor-element elementor-element-3b3c60ca elementor-widget elementor-widget-heading\" data-id=\"3b3c60ca\" data-element_type=\"widget\" data-widget_type=\"heading.default\">\n\t\t\t\t<div class=\"elementor-widget-container\">\n\t\t\t<h4 class=\"elementor-heading-title elementor-size-default\">Kullan\u0131m Tavsiyesi<\/h4>\t\t<\/div>\n\t\t\t\t<\/div>\n\t\t\t\t<div class=\"elementor-element elementor-element-40fdaff9 elementor-widget elementor-widget-text-editor\" data-id=\"40fdaff9\" data-element_type=\"widget\" data-widget_type=\"text-editor.default\">\n\t\t\t\t<div class=\"elementor-widget-container\">\n\t\t\t\t\t\t\t<p>1 bardak \u0131l\u0131k suya 1 ila 2 yemek ka\u015f\u0131\u011f\u0131 ilave edilerek t\u00fcketilmesi tavsiye edilir. Salata, sos ve \u00e7orbalarda \u00e7e\u015fni olarak t\u00fcketilmesi tavsiye edilir.<\/p>\t\t\t\t\t\t<\/div>\n\t\t\t\t<\/div>\n\t\t\t\t\t<\/div>\n\t\t<\/div>\n\t\t\t\t\t\t\t<\/div>\n\t\t<\/section>\n\t\t\t\t\t<\/div>\n\t\t<\/div>\n\t\t\t\t\t\t\t<\/div>\n\t\t<\/section>\n\t\t\t\t<section class=\"elementor-section elementor-top-section elementor-element elementor-element-70726bfb elementor-section-boxed elementor-section-height-default elementor-section-height-default\" data-id=\"70726bfb\" data-element_type=\"section\" data-settings=\"{&quot;background_background&quot;:&quot;classic&quot;}\">\n\t\t\t\t\t\t<div class=\"elementor-container elementor-column-gap-default\">\n\t\t\t\t\t<div class=\"elementor-column elementor-col-100 elementor-top-column elementor-element elementor-element-5246c121\" data-id=\"5246c121\" data-element_type=\"column\">\n\t\t\t<div class=\"elementor-widget-wrap elementor-element-populated\">\n\t\t\t\t\t\t\t\t<section class=\"elementor-section elementor-inner-section elementor-element elementor-element-354f27e0 elementor-section-boxed elementor-section-height-default elementor-section-height-default\" data-id=\"354f27e0\" data-element_type=\"section\">\n\t\t\t\t\t\t<div class=\"elementor-container elementor-column-gap-default\">\n\t\t\t\t\t<div class=\"elementor-column elementor-col-33 elementor-inner-column elementor-element elementor-element-669fdd60\" data-id=\"669fdd60\" data-element_type=\"column\" data-settings=\"{&quot;background_background&quot;:&quot;classic&quot;}\">\n\t\t\t<div class=\"elementor-widget-wrap elementor-element-populated\">\n\t\t\t\t\t\t\t\t<div class=\"elementor-element elementor-element-19cdbefb elementor-widget elementor-widget-heading\" data-id=\"19cdbefb\" data-element_type=\"widget\" data-widget_type=\"heading.default\">\n\t\t\t\t<div class=\"elementor-widget-container\">\n\t\t\t<h4 class=\"elementor-heading-title elementor-size-default\">Faydalar\u0131<\/h4>\t\t<\/div>\n\t\t\t\t<\/div>\n\t\t\t\t<div class=\"elementor-element elementor-element-6e4eb551 elementor-widget elementor-widget-text-editor\" data-id=\"6e4eb551\" data-element_type=\"widget\" data-widget_type=\"text-editor.default\">\n\t\t\t\t<div class=\"elementor-widget-container\">\n\t\t\t\t\t\t\t<ul><li>Enfeksiyonlara kar\u015f\u0131 korudu\u011fu ve bakterileri yok etti\u011fi bilinir.<\/li><li>Kan \u015fekerini d\u00fczenlemeye, \u015feker hastal\u0131\u011f\u0131yla sava\u015fmaya yard\u0131mc\u0131 olur.<\/li><li>Tokluk hissi vermeye, kilo vermeye yard\u0131mc\u0131 olur.<\/li><\/ul>\t\t\t\t\t\t<\/div>\n\t\t\t\t<\/div>\n\t\t\t\t<div class=\"elementor-element elementor-element-351fdab2 elementor-widget elementor-widget-heading\" data-id=\"351fdab2\" data-element_type=\"widget\" data-widget_type=\"heading.default\">\n\t\t\t\t<div class=\"elementor-widget-container\">\n\t\t\t<h4 class=\"elementor-heading-title elementor-size-default\">Kullan\u0131m Tavsiyesi<\/h4>\t\t<\/div>\n\t\t\t\t<\/div>\n\t\t\t\t<div class=\"elementor-element elementor-element-64a77633 elementor-widget elementor-widget-text-editor\" data-id=\"64a77633\" data-element_type=\"widget\" data-widget_type=\"text-editor.default\">\n\t\t\t\t<div class=\"elementor-widget-container\">\n\t\t\t\t\t\t\t<ul><li>1 bardak \u0131l\u0131k suya 1 ila 2 yemek ka\u015f\u0131\u011f\u0131 ilave edilerek t\u00fcketilmesi tavsiye edilir. Salata, sos ve \u00e7orbalarda \u00e7e\u015fni olarak t\u00fcketilmesi tavsiye edilir.<\/li><\/ul>\t\t\t\t\t\t<\/div>\n\t\t\t\t<\/div>\n\t\t\t\t\t<\/div>\n\t\t<\/div>\n\t\t\t\t<div class=\"elementor-column elementor-col-33 elementor-inner-column elementor-element elementor-element-374d0ead\" data-id=\"374d0ead\" data-element_type=\"column\" data-settings=\"{&quot;background_background&quot;:&quot;classic&quot;}\">\n\t\t\t<div class=\"elementor-widget-wrap elementor-element-populated\">\n\t\t\t\t\t\t\t\t<div class=\"elementor-element elementor-element-4ff0285a elementor-widget elementor-widget-menu-anchor\" data-id=\"4ff0285a\" data-element_type=\"widget\" data-widget_type=\"menu-anchor.default\">\n\t\t\t\t<div class=\"elementor-widget-container\">\n\t\t\t\t\t<div id=\"elma-sirkesi\" class=\"elementor-menu-anchor\"><\/div>\n\t\t\t\t<\/div>\n\t\t\t\t<\/div>\n\t\t\t\t<div class=\"elementor-element elementor-element-722dbfc0 elementor-widget elementor-widget-image\" data-id=\"722dbfc0\" data-element_type=\"widget\" data-widget_type=\"image.default\">\n\t\t\t\t<div class=\"elementor-widget-container\">\n\t\t\t\t\t\t\t\t\t\t\t\t\t\t\t<img src=\"http:\/\/kayadokya.com\/wp-content\/uploads\/2022\/08\/pixlr-bg-result-1.png\" title=\"pixlr-bg-result (1)\" alt=\"pixlr-bg-result (1)\" \/>\t\t\t\t\t\t\t\t\t\t\t\t\t\t\t<\/div>\n\t\t\t\t<\/div>\n\t\t\t\t\t<\/div>\n\t\t<\/div>\n\t\t\t\t<div class=\"elementor-column elementor-col-33 elementor-inner-column elementor-element elementor-element-2732f4f1\" data-id=\"2732f4f1\" data-element_type=\"column\">\n\t\t\t<div class=\"elementor-widget-wrap elementor-element-populated\">\n\t\t\t\t\t\t\t\t<div class=\"elementor-element elementor-element-8a60051 elementor-widget elementor-widget-heading\" data-id=\"8a60051\" data-element_type=\"widget\" data-widget_type=\"heading.default\">\n\t\t\t\t<div class=\"elementor-widget-container\">\n\t\t\t<h2 class=\"elementor-heading-title elementor-size-default\">Elma <\/br> Sirkesi<\/h2>\t\t<\/div>\n\t\t\t\t<\/div>\n\t\t\t\t<div class=\"elementor-element elementor-element-315177f7 elementor-widget elementor-widget-text-editor\" data-id=\"315177f7\" data-element_type=\"widget\" data-widget_type=\"text-editor.default\">\n\t\t\t\t<div class=\"elementor-widget-container\">\n\t\t\t\t\t\t\t<p>\u00dcr\u00fcnlerimizi Kapadokya b\u00f6lgesinden toplanan do\u011fal\u00a0 elmalardan imal etmekteyiz. Kapadokya b\u00f6lgesine \u00f6zg\u00fc kayalardan olu\u015fturulan mahzenlerde tabii fermantasyon yoluyla imal edilmektedir. Bu sebeple daha lezzetli ve aromatik de\u011ferleri y\u00fcksektir. \u015ei\u015fe a\u00e7\u0131l\u0131nca koruyucu madde kullan\u0131lmad\u0131\u011f\u0131 i\u00e7in sirke anas\u0131 olu\u015fmas\u0131 normaldir, s\u00fcz\u00fclerek kullan\u0131ma devam edilebilir. Tortu olu\u015fmas\u0131 filtre edilmedi\u011fi i\u00e7in normaldir.<\/p>\t\t\t\t\t\t<\/div>\n\t\t\t\t<\/div>\n\t\t\t\t\t<\/div>\n\t\t<\/div>\n\t\t\t\t\t\t\t<\/div>\n\t\t<\/section>\n\t\t\t\t\t<\/div>\n\t\t<\/div>\n\t\t\t\t\t\t\t<\/div>\n\t\t<\/section>\n\t\t\t\t<section class=\"elementor-section elementor-top-section elementor-element elementor-element-dedd818 elementor-section-boxed elementor-section-height-default elementor-section-height-default\" data-id=\"dedd818\" data-element_type=\"section\">\n\t\t\t\t\t\t<div class=\"elementor-container elementor-column-gap-default\">\n\t\t\t\t\t<div class=\"elementor-column elementor-col-100 elementor-top-column elementor-element elementor-element-642266d\" data-id=\"642266d\" data-element_type=\"column\">\n\t\t\t<div class=\"elementor-widget-wrap elementor-element-populated\">\n\t\t\t\t\t\t\t\t<section class=\"elementor-section elementor-inner-section elementor-element elementor-element-524d86e6 elementor-section-boxed elementor-section-height-default elementor-section-height-default\" data-id=\"524d86e6\" data-element_type=\"section\">\n\t\t\t\t\t\t<div class=\"elementor-container elementor-column-gap-default\">\n\t\t\t\t\t<div class=\"elementor-column elementor-col-33 elementor-inner-column elementor-element elementor-element-746f5051\" data-id=\"746f5051\" data-element_type=\"column\">\n\t\t\t<div class=\"elementor-widget-wrap elementor-element-populated\">\n\t\t\t\t\t\t\t\t<div class=\"elementor-element elementor-element-2baf0df9 elementor-widget elementor-widget-heading\" data-id=\"2baf0df9\" data-element_type=\"widget\" data-widget_type=\"heading.default\">\n\t\t\t\t<div class=\"elementor-widget-container\">\n\t\t\t<h2 class=\"elementor-heading-title elementor-size-default\">Al\u0131\u00e7 <\/br> Sirkesi<\/h2>\t\t<\/div>\n\t\t\t\t<\/div>\n\t\t\t\t<div class=\"elementor-element elementor-element-4b4580f9 elementor-widget elementor-widget-text-editor\" data-id=\"4b4580f9\" data-element_type=\"widget\" data-widget_type=\"text-editor.default\">\n\t\t\t\t<div class=\"elementor-widget-container\">\n\t\t\t\t\t\t\t<p>\u00dcr\u00fcnlerimizi Kapadokya b\u00f6lgesinden toplanan do\u011fal al\u0131\u00e7tan imal etmekteyiz. Kapadokya b\u00f6lgesine \u00f6zg\u00fc kayalardan olu\u015fturulan mahzenlerde tabii fermantasyon yoluyla imal edilmektedir. Bu sebeple daha lezzetli ve aromatik de\u011ferleri y\u00fcksektir. \u015ei\u015fe a\u00e7\u0131l\u0131nca koruyucu madde kullan\u0131lmad\u0131\u011f\u0131 i\u00e7in sirke anas\u0131 olu\u015fmas\u0131 normaldir, s\u00fcz\u00fclerek kullan\u0131ma devam edilebilir. Tortu olu\u015fmas\u0131 filtre edilmedi\u011fi i\u00e7in normaldir.<\/p>\t\t\t\t\t\t<\/div>\n\t\t\t\t<\/div>\n\t\t\t\t\t<\/div>\n\t\t<\/div>\n\t\t\t\t<div class=\"elementor-column elementor-col-33 elementor-inner-column elementor-element elementor-element-31c8a889\" data-id=\"31c8a889\" data-element_type=\"column\" data-settings=\"{&quot;background_background&quot;:&quot;classic&quot;}\">\n\t\t\t<div class=\"elementor-widget-wrap elementor-element-populated\">\n\t\t\t\t\t\t\t\t<div class=\"elementor-element elementor-element-146558d0 elementor-widget elementor-widget-menu-anchor\" data-id=\"146558d0\" data-element_type=\"widget\" data-widget_type=\"menu-anchor.default\">\n\t\t\t\t<div class=\"elementor-widget-container\">\n\t\t\t\t\t<div id=\"alic-sirkesi\" class=\"elementor-menu-anchor\"><\/div>\n\t\t\t\t<\/div>\n\t\t\t\t<\/div>\n\t\t\t\t<div class=\"elementor-element elementor-element-3599827f elementor-widget elementor-widget-image\" data-id=\"3599827f\" data-element_type=\"widget\" data-widget_type=\"image.default\">\n\t\t\t\t<div class=\"elementor-widget-container\">\n\t\t\t\t\t\t\t\t\t\t\t\t\t\t\t<img src=\"http:\/\/kayadokya.com\/wp-content\/uploads\/2022\/08\/pixlr-bg-result-2.png\" title=\"pixlr-bg-result (2)\" alt=\"pixlr-bg-result (2)\" \/>\t\t\t\t\t\t\t\t\t\t\t\t\t\t\t<\/div>\n\t\t\t\t<\/div>\n\t\t\t\t\t<\/div>\n\t\t<\/div>\n\t\t\t\t<div class=\"elementor-column elementor-col-33 elementor-inner-column elementor-element elementor-element-2b3d2022\" data-id=\"2b3d2022\" data-element_type=\"column\" data-settings=\"{&quot;background_background&quot;:&quot;classic&quot;}\">\n\t\t\t<div class=\"elementor-widget-wrap elementor-element-populated\">\n\t\t\t\t\t\t\t\t<div class=\"elementor-element elementor-element-550f6def elementor-widget elementor-widget-heading\" data-id=\"550f6def\" data-element_type=\"widget\" data-widget_type=\"heading.default\">\n\t\t\t\t<div class=\"elementor-widget-container\">\n\t\t\t<h4 class=\"elementor-heading-title elementor-size-default\">Faydalar\u0131<\/h4>\t\t<\/div>\n\t\t\t\t<\/div>\n\t\t\t\t<div class=\"elementor-element elementor-element-2da94d32 elementor-widget elementor-widget-text-editor\" data-id=\"2da94d32\" data-element_type=\"widget\" data-widget_type=\"text-editor.default\">\n\t\t\t\t<div class=\"elementor-widget-container\">\n\t\t\t\t\t\t\t<ul><li>Kalp dostu olarak bilinir.<\/li><li>Grip, nezle, so\u011fuk alg\u0131nl\u0131\u011f\u0131na kar\u015f\u0131 koruyucu etkisi oldu\u011fu bilinir.<\/li><li>G\u00f6\u011f\u00fcs a\u011fr\u0131lar\u0131n\u0131 azaltmaya yard\u0131m etti\u011fi bilinir.<\/li><li>Hipertansiyonu d\u00fc\u015f\u00fcrmeye yard\u0131mc\u0131 oldu\u011fu bilinir.<\/li><\/ul>\t\t\t\t\t\t<\/div>\n\t\t\t\t<\/div>\n\t\t\t\t<div class=\"elementor-element elementor-element-7f29a999 elementor-widget elementor-widget-heading\" data-id=\"7f29a999\" data-element_type=\"widget\" data-widget_type=\"heading.default\">\n\t\t\t\t<div class=\"elementor-widget-container\">\n\t\t\t<h4 class=\"elementor-heading-title elementor-size-default\">Kullan\u0131m Tavsiyesi<\/h4>\t\t<\/div>\n\t\t\t\t<\/div>\n\t\t\t\t<div class=\"elementor-element elementor-element-797047a0 elementor-widget elementor-widget-text-editor\" data-id=\"797047a0\" data-element_type=\"widget\" data-widget_type=\"text-editor.default\">\n\t\t\t\t<div class=\"elementor-widget-container\">\n\t\t\t\t\t\t\t<ul><li>1 bardak \u0131l\u0131k suya 1 ila 2 yemek ka\u015f\u0131\u011f\u0131 ilave edilerek t\u00fcketilmesi tavsiye edilir. Salata, sos ve \u00e7orbalarda \u00e7e\u015fni olarak t\u00fcketilmesi tavsiye edilir.<\/li><\/ul>\t\t\t\t\t\t<\/div>\n\t\t\t\t<\/div>\n\t\t\t\t\t<\/div>\n\t\t<\/div>\n\t\t\t\t\t\t\t<\/div>\n\t\t<\/section>\n\t\t\t\t\t<\/div>\n\t\t<\/div>\n\t\t\t\t\t\t\t<\/div>\n\t\t<\/section>\n\t\t\t\t\t\t\t<\/div>\n\t\t","protected":false},"excerpt":{"rendered":"<p>ke\u015ffet \u00dcr\u00fcnlerimiz \u00dcZ\u00dcM S\u0130RKES\u0130 ELMA S\u0130RKES\u0130 ALI\u00c7 S\u0130RKES\u0130 \u00dcz\u00fcm Sirkesi \u00dcr\u00fcnlerimizi Kapadokya b\u00f6lgesinden toplanan do\u011fal emir ve dimrit \u00fcz\u00fcmlerinden imal etmekteyiz. Kapadokya b\u00f6lgesine \u00f6zg\u00fc kayalardan olu\u015fturulan mahzenlerde tabii fermantasyon yoluyla imal edilmektedir. Bu sebeple daha lezzetli ve aromatik de\u011ferleri y\u00fcksektir. \u015ei\u015fe a\u00e7\u0131l\u0131nca koruyucu madde kullan\u0131lmad\u0131\u011f\u0131 i\u00e7in sirke anas\u0131 olu\u015fmas\u0131 normaldir, s\u00fcz\u00fclerek kullan\u0131ma devam edilebilir. Tortu&hellip;&nbsp;<a href=\"http:\/\/kayadokya.com\/index.php\/urunlerimiz\/\" class=\"\" rel=\"bookmark\">Daha fazlas\u0131n\u0131 oku &raquo;<span class=\"screen-reader-text\">\u00dcR\u00dcNLER\u0130M\u0130Z<\/span><\/a><\/p>\n","protected":false},"author":2,"featured_media":0,"parent":0,"menu_order":0,"comment_status":"closed","ping_status":"closed","template":"","meta":{"neve_meta_sidebar":"","neve_meta_container":"","neve_meta_enable_content_width":"","neve_meta_content_width":0,"neve_meta_title_alignment":"","neve_meta_author_avatar":"","neve_post_elements_order":"","neve_meta_disable_header":"","neve_meta_disable_footer":"","neve_meta_disable_title":""},"_links":{"self":[{"href":"http:\/\/kayadokya.com\/index.php\/wp-json\/wp\/v2\/pages\/445"}],"collection":[{"href":"http:\/\/kayadokya.com\/index.php\/wp-json\/wp\/v2\/pages"}],"about":[{"href":"http:\/\/kayadokya.com\/index.php\/wp-json\/wp\/v2\/types\/page"}],"author":[{"embeddable":true,"href":"http:\/\/kayadokya.com\/index.php\/wp-json\/wp\/v2\/users\/2"}],"replies":[{"embeddable":true,"href":"http:\/\/kayadokya.com\/index.php\/wp-json\/wp\/v2\/comments?post=445"}],"version-history":[{"count":101,"href":"http:\/\/kayadokya.com\/index.php\/wp-json\/wp\/v2\/pages\/445\/revisions"}],"predecessor-version":[{"id":858,"href":"http:\/\/kayadokya.com\/index.php\/wp-json\/wp\/v2\/pages\/445\/revisions\/858"}],"wp:attachment":[{"href":"http:\/\/kayadokya.com\/index.php\/wp-json\/wp\/v2\/media?parent=445"}],"curies":[{"name":"wp","href":"https:\/\/api.w.org\/{rel}","templated":true}]}}